{"id":1385,"date":"2021-03-08T13:44:58","date_gmt":"2021-03-08T12:44:58","guid":{"rendered":"https:\/\/les-roches-sartene.com\/u-catenacciu\/"},"modified":"2021-05-02T16:13:40","modified_gmt":"2021-05-02T14:13:40","slug":"u-catenacciu","status":"publish","type":"page","link":"https:\/\/les-roches-sartene.com\/en\/u-catenacciu\/","title":{"rendered":"U Catenacciu"},"content":{"rendered":"<div class=\"wpb-content-wrapper\"><p>[vc_row][vc_column][vc_custom_heading source=&#8221;post_title&#8221; font_container=&#8221;tag:h1|text_align:center&#8221; use_theme_fonts=&#8221;yes&#8221;]<div class=\"ult-spacer spacer-6a05d88052ec9\" data-id=\"6a05d88052ec9\" data-height=\"30\" data-height-mobile=\"30\" data-height-tab=\"30\" data-height-tab-portrait=\"\" data-height-mobile-landscape=\"\" style=\"clear:both;display:block;\"><\/div>[vc_row_inner][vc_column_inner width=&#8221;2\/3&#8243;][vc_single_image image=&#8221;1115&#8243; img_size=&#8221;750&#215;450&#8243; alignment=&#8221;center&#8221;][\/vc_column_inner][vc_column_inner width=&#8221;1\/3&#8243;][vc_custom_heading text=&#8221;Introduction&#8221; font_container=&#8221;tag:h3|text_align:center&#8221; use_theme_fonts=&#8221;yes&#8221;]<div class=\"ult-spacer spacer-6a05d88052eec\" data-id=\"6a05d88052eec\" data-height=\"20\" data-height-mobile=\"20\" data-height-tab=\"20\" data-height-tab-portrait=\"\" data-height-mobile-landscape=\"\" style=\"clear:both;display:block;\"><\/div>[vc_column_text]<\/p>\n<div><span lang=\"EN-US\">Corsica is an island with a strong identity and traditions. The island&#8217;s traditions are deeply rooted in the local culture and history and can be found almost everywhere on the island, especially in Sartene where this event is clearly the oldest, most spectacular, popular and festive in Corsica. This ceremony dates back to the 13th century and people come from all over the island and abroad to celebrate Good Friday. This is the Catenacciu.<\/span><\/div>\n<p>[\/vc_column_text][\/vc_column_inner][\/vc_row_inner]<div class=\"ult-spacer spacer-6a05d88052efc\" data-id=\"6a05d88052efc\" data-height=\"30\" data-height-mobile=\"30\" data-height-tab=\"30\" data-height-tab-portrait=\"\" data-height-mobile-landscape=\"\" style=\"clear:both;display:block;\"><\/div>[vc_row_inner][vc_column_inner width=&#8221;1\/3&#8243;][vc_custom_heading text=&#8221;What is &#8221;le Catenacciu&#8221; ?&#8221; font_container=&#8221;tag:h3|text_align:center&#8221; use_theme_fonts=&#8221;yes&#8221;]<div class=\"ult-spacer spacer-6a05d88052f08\" data-id=\"6a05d88052f08\" data-height=\"20\" data-height-mobile=\"20\" data-height-tab=\"20\" data-height-tab-portrait=\"\" data-height-mobile-landscape=\"\" style=\"clear:both;display:block;\"><\/div>[vc_column_text]<\/p>\n<div>\n<p><span lang=\"EN-US\">It is the representation of the ascent of Christ to the Mount of Calvary. A man in chains, literally called Catenacciu, carries a 37 kg solid oak cross with a 17 kg chain at his feet. The procession through the streets of Sartene is 1.7 km long and he must fall three times during his journey as if he were Christ.<\/span><\/p>\n<p>The penitent is a citizen of the town, he wears a red bonnet and only the parish priest knows his identity. Through this procession, the penitent, at the end of his journey, will be forgiven of his sins.<\/p>\n<\/div>\n<p>[\/vc_column_text][\/vc_column_inner][vc_column_inner width=&#8221;2\/3&#8243;][vc_single_image image=&#8221;1117&#8243; img_size=&#8221;750&#215;450&#8243; alignment=&#8221;center&#8221;][\/vc_column_inner][\/vc_row_inner]<div class=\"ult-spacer spacer-6a05d88052f13\" data-id=\"6a05d88052f13\" data-height=\"30\" data-height-mobile=\"30\" data-height-tab=\"30\" data-height-tab-portrait=\"\" data-height-mobile-landscape=\"\" style=\"clear:both;display:block;\"><\/div>[vc_row_inner][vc_column_inner width=&#8221;2\/3&#8243;][vc_single_image image=&#8221;1119&#8243; img_size=&#8221;750&#215;450&#8243; alignment=&#8221;center&#8221;][\/vc_column_inner][vc_column_inner width=&#8221;1\/3&#8243;][vc_custom_heading text=&#8221;Unfolding of the Catenacciu&#8221; font_container=&#8221;tag:h3|text_align:center&#8221; use_theme_fonts=&#8221;yes&#8221;]<div class=\"ult-spacer spacer-6a05d88052f1e\" data-id=\"6a05d88052f1e\" data-height=\"20\" data-height-mobile=\"20\" data-height-tab=\"20\" data-height-tab-portrait=\"\" data-height-mobile-landscape=\"\" style=\"clear:both;display:block;\"><\/div>[vc_column_text]After two days of spiritual retreat at the convent of San Damiano at the entrance to the city, the penitent is escorted to the parish church of Santa Maria in Piazza Porta on Good Friday.<\/p>\n<p>At 9.30 p.m., the imposing wooden doors of the church are opened to allow the penitents and the brothers of the <em>Compagnia del Santissimo Sacramento<\/em> to begin the Good Friday procession.<\/p>\n<p>Beginning its &#8220;Way of the Cross&#8221;, which can last more than two hours and is followed by a crowd of several thousand people who hear only the sacred songs and the sound of chains scraping the ground, this procession is marked by three falls symbolising the stations of the crucifixion of Christ. At the end of the procession and after the sermon of the priest, the pilgrims are invited to come and collect themselves in the church in which &#8220;U Catenacciu&#8221; finishes atoning for his sins.[\/vc_column_text][\/vc_column_inner][\/vc_row_inner][\/vc_column][\/vc_row][vc_row][vc_column]<div class=\"ult-spacer spacer-6a05d88052f27\" data-id=\"6a05d88052f27\" data-height=\"10\" data-height-mobile=\"10\" data-height-tab=\"10\" data-height-tab-portrait=\"\" data-height-mobile-landscape=\"\" style=\"clear:both;display:block;\"><\/div>[vc_single_image image=&#8221;1319&#8243; img_size=&#8221;728&#215;90&#8243; alignment=&#8221;center&#8221;][\/vc_column][\/vc_row]<\/p>\n<\/div>","protected":false},"excerpt":{"rendered":"<p>[vc_row][vc_column][vc_custom_heading source=&#8221;post_title&#8221; font_container=&#8221;tag:h1|text_align:center&#8221; use_theme_fonts=&#8221;yes&#8221;][vc_row_inner][vc_column_inner width=&#8221;2\/3&#8243;][vc_single_image image=&#8221;1115&#8243; img_size=&#8221;750&#215;450&#8243; alignment=&#8221;center&#8221;][\/vc_column_inner][vc_column_inner width=&#8221;1\/3&#8243;][vc_custom_heading text=&#8221;Introduction&#8221; font_container=&#8221;tag:h3|text_align:center&#8221; use_theme_fonts=&#8221;yes&#8221;][vc_column_text] Corsica is an island with a strong identity and traditions. The island&#8217;s traditions are deeply rooted in the local culture and history and can be found almost everywhere on the island, especially in Sartene where this event is clearly the oldest, most spectacular,<\/p>\n","protected":false},"author":1,"featured_media":0,"parent":0,"menu_order":0,"comment_status":"closed","ping_status":"closed","template":"","meta":{"footnotes":""},"yoast_head":"<!-- This site is optimized with the Yoast SEO plugin v24.5 - https:\/\/yoast.com\/wordpress\/plugins\/seo\/ -->\n<title>U Catenacciu - H\u00f4tel des Roches - Sart\u00e8ne Corse du Sud<\/title>\n<meta name=\"robots\" content=\"index, follow, max-snippet:-1, max-image-preview:large, max-video-preview:-1\" \/>\n<link rel=\"canonical\" href=\"https:\/\/les-roches-sartene.com\/en\/u-catenacciu\/\" \/>\n<meta property=\"og:locale\" content=\"en_US\" \/>\n<meta property=\"og:type\" content=\"article\" \/>\n<meta property=\"og:title\" content=\"U Catenacciu - H\u00f4tel des Roches - Sart\u00e8ne Corse du Sud\" \/>\n<meta property=\"og:description\" content=\"[vc_row][vc_column][vc_custom_heading source=&#8221;post_title&#8221; font_container=&#8221;tag:h1|text_align:center&#8221; use_theme_fonts=&#8221;yes&#8221;][vc_row_inner][vc_column_inner width=&#8221;2\/3&#8243;][vc_single_image image=&#8221;1115&#8243; img_size=&#8221;750&#215;450&#8243; alignment=&#8221;center&#8221;][\/vc_column_inner][vc_column_inner width=&#8221;1\/3&#8243;][vc_custom_heading text=&#8221;Introduction&#8221; font_container=&#8221;tag:h3|text_align:center&#8221; use_theme_fonts=&#8221;yes&#8221;][vc_column_text] Corsica is an island with a strong identity and traditions. The island&#8217;s traditions are deeply rooted in the local culture and history and can be found almost everywhere on the island, especially in Sartene where this event is clearly the oldest, most spectacular,\" \/>\n<meta property=\"og:url\" content=\"https:\/\/les-roches-sartene.com\/en\/u-catenacciu\/\" \/>\n<meta property=\"og:site_name\" content=\"H\u00f4tel des Roches - Sart\u00e8ne Corse du Sud\" \/>\n<meta property=\"article:modified_time\" content=\"2021-05-02T14:13:40+00:00\" \/>\n<meta name=\"twitter:card\" content=\"summary_large_image\" \/>\n<meta name=\"twitter:label1\" content=\"Est. reading time\" \/>\n\t<meta name=\"twitter:data1\" content=\"2 minutes\" \/>\n<script type=\"application\/ld+json\" class=\"yoast-schema-graph\">{\"@context\":\"https:\/\/schema.org\",\"@graph\":[{\"@type\":\"WebPage\",\"@id\":\"https:\/\/les-roches-sartene.com\/en\/u-catenacciu\/\",\"url\":\"https:\/\/les-roches-sartene.com\/en\/u-catenacciu\/\",\"name\":\"U Catenacciu - H\u00f4tel des Roches - Sart\u00e8ne Corse du Sud\",\"isPartOf\":{\"@id\":\"https:\/\/les-roches-sartene.com\/#website\"},\"datePublished\":\"2021-03-08T12:44:58+00:00\",\"dateModified\":\"2021-05-02T14:13:40+00:00\",\"breadcrumb\":{\"@id\":\"https:\/\/les-roches-sartene.com\/en\/u-catenacciu\/#breadcrumb\"},\"inLanguage\":\"en-US\",\"potentialAction\":[{\"@type\":\"ReadAction\",\"target\":[\"https:\/\/les-roches-sartene.com\/en\/u-catenacciu\/\"]}]},{\"@type\":\"BreadcrumbList\",\"@id\":\"https:\/\/les-roches-sartene.com\/en\/u-catenacciu\/#breadcrumb\",\"itemListElement\":[{\"@type\":\"ListItem\",\"position\":1,\"name\":\"Accueil\",\"item\":\"https:\/\/les-roches-sartene.com\/en\/\"},{\"@type\":\"ListItem\",\"position\":2,\"name\":\"U Catenacciu\"}]},{\"@type\":\"WebSite\",\"@id\":\"https:\/\/les-roches-sartene.com\/#website\",\"url\":\"https:\/\/les-roches-sartene.com\/\",\"name\":\"H\u00f4tel des Roches - Sart\u00e8ne Corse du Sud\",\"description\":\"Hotel 3 \u00e9toiles avec vue panoramique \u00e0 Sart\u00e8ne\",\"publisher\":{\"@id\":\"https:\/\/les-roches-sartene.com\/#organization\"},\"potentialAction\":[{\"@type\":\"SearchAction\",\"target\":{\"@type\":\"EntryPoint\",\"urlTemplate\":\"https:\/\/les-roches-sartene.com\/?s={search_term_string}\"},\"query-input\":{\"@type\":\"PropertyValueSpecification\",\"valueRequired\":true,\"valueName\":\"search_term_string\"}}],\"inLanguage\":\"en-US\"},{\"@type\":\"Organization\",\"@id\":\"https:\/\/les-roches-sartene.com\/#organization\",\"name\":\"H\u00f4tel Les Roches Sart\u00e8ne\",\"url\":\"https:\/\/les-roches-sartene.com\/\",\"logo\":{\"@type\":\"ImageObject\",\"inLanguage\":\"en-US\",\"@id\":\"https:\/\/les-roches-sartene.com\/#\/schema\/logo\/image\/\",\"url\":\"https:\/\/les-roches-sartene.com\/wp-content\/uploads\/2021\/03\/Logo-Les-Roches-300.png\",\"contentUrl\":\"https:\/\/les-roches-sartene.com\/wp-content\/uploads\/2021\/03\/Logo-Les-Roches-300.png\",\"width\":339,\"height\":300,\"caption\":\"H\u00f4tel Les Roches Sart\u00e8ne\"},\"image\":{\"@id\":\"https:\/\/les-roches-sartene.com\/#\/schema\/logo\/image\/\"}}]}<\/script>\n<!-- \/ Yoast SEO plugin. -->","yoast_head_json":{"title":"U Catenacciu - H\u00f4tel des Roches - Sart\u00e8ne Corse du Sud","robots":{"index":"index","follow":"follow","max-snippet":"max-snippet:-1","max-image-preview":"max-image-preview:large","max-video-preview":"max-video-preview:-1"},"canonical":"https:\/\/les-roches-sartene.com\/en\/u-catenacciu\/","og_locale":"en_US","og_type":"article","og_title":"U Catenacciu - H\u00f4tel des Roches - Sart\u00e8ne Corse du Sud","og_description":"[vc_row][vc_column][vc_custom_heading source=&#8221;post_title&#8221; font_container=&#8221;tag:h1|text_align:center&#8221; use_theme_fonts=&#8221;yes&#8221;][vc_row_inner][vc_column_inner width=&#8221;2\/3&#8243;][vc_single_image image=&#8221;1115&#8243; img_size=&#8221;750&#215;450&#8243; alignment=&#8221;center&#8221;][\/vc_column_inner][vc_column_inner width=&#8221;1\/3&#8243;][vc_custom_heading text=&#8221;Introduction&#8221; font_container=&#8221;tag:h3|text_align:center&#8221; use_theme_fonts=&#8221;yes&#8221;][vc_column_text] Corsica is an island with a strong identity and traditions. The island&#8217;s traditions are deeply rooted in the local culture and history and can be found almost everywhere on the island, especially in Sartene where this event is clearly the oldest, most spectacular,","og_url":"https:\/\/les-roches-sartene.com\/en\/u-catenacciu\/","og_site_name":"H\u00f4tel des Roches - Sart\u00e8ne Corse du Sud","article_modified_time":"2021-05-02T14:13:40+00:00","twitter_card":"summary_large_image","twitter_misc":{"Est. reading time":"2 minutes"},"schema":{"@context":"https:\/\/schema.org","@graph":[{"@type":"WebPage","@id":"https:\/\/les-roches-sartene.com\/en\/u-catenacciu\/","url":"https:\/\/les-roches-sartene.com\/en\/u-catenacciu\/","name":"U Catenacciu - H\u00f4tel des Roches - Sart\u00e8ne Corse du Sud","isPartOf":{"@id":"https:\/\/les-roches-sartene.com\/#website"},"datePublished":"2021-03-08T12:44:58+00:00","dateModified":"2021-05-02T14:13:40+00:00","breadcrumb":{"@id":"https:\/\/les-roches-sartene.com\/en\/u-catenacciu\/#breadcrumb"},"inLanguage":"en-US","potentialAction":[{"@type":"ReadAction","target":["https:\/\/les-roches-sartene.com\/en\/u-catenacciu\/"]}]},{"@type":"BreadcrumbList","@id":"https:\/\/les-roches-sartene.com\/en\/u-catenacciu\/#breadcrumb","itemListElement":[{"@type":"ListItem","position":1,"name":"Accueil","item":"https:\/\/les-roches-sartene.com\/en\/"},{"@type":"ListItem","position":2,"name":"U Catenacciu"}]},{"@type":"WebSite","@id":"https:\/\/les-roches-sartene.com\/#website","url":"https:\/\/les-roches-sartene.com\/","name":"H\u00f4tel des Roches - Sart\u00e8ne Corse du Sud","description":"Hotel 3 \u00e9toiles avec vue panoramique \u00e0 Sart\u00e8ne","publisher":{"@id":"https:\/\/les-roches-sartene.com\/#organization"},"potentialAction":[{"@type":"SearchAction","target":{"@type":"EntryPoint","urlTemplate":"https:\/\/les-roches-sartene.com\/?s={search_term_string}"},"query-input":{"@type":"PropertyValueSpecification","valueRequired":true,"valueName":"search_term_string"}}],"inLanguage":"en-US"},{"@type":"Organization","@id":"https:\/\/les-roches-sartene.com\/#organization","name":"H\u00f4tel Les Roches Sart\u00e8ne","url":"https:\/\/les-roches-sartene.com\/","logo":{"@type":"ImageObject","inLanguage":"en-US","@id":"https:\/\/les-roches-sartene.com\/#\/schema\/logo\/image\/","url":"https:\/\/les-roches-sartene.com\/wp-content\/uploads\/2021\/03\/Logo-Les-Roches-300.png","contentUrl":"https:\/\/les-roches-sartene.com\/wp-content\/uploads\/2021\/03\/Logo-Les-Roches-300.png","width":339,"height":300,"caption":"H\u00f4tel Les Roches Sart\u00e8ne"},"image":{"@id":"https:\/\/les-roches-sartene.com\/#\/schema\/logo\/image\/"}}]}},"_links":{"self":[{"href":"https:\/\/les-roches-sartene.com\/en\/wp-json\/wp\/v2\/pages\/1385"}],"collection":[{"href":"https:\/\/les-roches-sartene.com\/en\/wp-json\/wp\/v2\/pages"}],"about":[{"href":"https:\/\/les-roches-sartene.com\/en\/wp-json\/wp\/v2\/types\/page"}],"author":[{"embeddable":true,"href":"https:\/\/les-roches-sartene.com\/en\/wp-json\/wp\/v2\/users\/1"}],"replies":[{"embeddable":true,"href":"https:\/\/les-roches-sartene.com\/en\/wp-json\/wp\/v2\/comments?post=1385"}],"version-history":[{"count":2,"href":"https:\/\/les-roches-sartene.com\/en\/wp-json\/wp\/v2\/pages\/1385\/revisions"}],"predecessor-version":[{"id":1386,"href":"https:\/\/les-roches-sartene.com\/en\/wp-json\/wp\/v2\/pages\/1385\/revisions\/1386"}],"wp:attachment":[{"href":"https:\/\/les-roches-sartene.com\/en\/wp-json\/wp\/v2\/media?parent=1385"}],"curies":[{"name":"wp","href":"https:\/\/api.w.org\/{rel}","templated":true}]}}